{"id":6162,"date":"2025-07-18T01:35:51","date_gmt":"2025-07-17T22:35:51","guid":{"rendered":"https:\/\/gastrokueche-profi.de\/urun\/electric-and-water-system\/"},"modified":"2025-07-25T00:42:12","modified_gmt":"2025-07-24T21:42:12","slug":"strom-und-wasserversorgung","status":"publish","type":"product","link":"https:\/\/gastrokueche-profi.de\/tr\/geschaeft\/feldkueche\/feldkueche-feldkueche\/strom-und-wasserversorgung\/","title":{"rendered":"Strom- und Wasserversorgung"},"content":{"rendered":"<div class=\"row\">\n<div class=\"col-sm-10 col-md-8 col-lg-6-1 m-lr-auto\">\n\t\t\t\t\t\t\t\t\t                    &#8211;\n\t\t\t\t\t\t\t\t                    <\/div>\n<\/div>","protected":false},"excerpt":{"rendered":"<p>Am Fahrzeug befindet sich eine elektrische Verteilertafel. Die Installation wird mit speziellen Kabeln und Materialien von der Schalttafel bis zu den gew\u00fcnschten Punkten durchgef\u00fchrt. Der Konstantstromerzeuger kann w\u00e4hrend der Projektphase am Fahrzeug angebracht werden. Er kann von einem externen Generator oder einer Netzleitung gespeist werden. An der Verteilertafel werden CE-zertifizierte Produkte verwendet. Unser Fahrzeug verf\u00fcgt \u00fcber ein Pumpensystem, das Wasser aus einer vertikalen und horizontalen Entfernung von 40 m an Land f\u00f6rdern kann. Es wird an alle notwendigen Punkte mit Ausr\u00fcstung verteilt. Es ist zu einfach, Wasser aus dem System mit automatischem JAK-Verbindungssystem zu entnehmen.<\/p>","protected":false},"featured_media":6159,"comment_status":"open","ping_status":"closed","template":"","meta":[],"product_brand":[],"product_cat":[428],"product_tag":[],"class_list":{"0":"post-6162","1":"product","2":"type-product","3":"status-publish","4":"has-post-thumbnail","6":"product_cat-feldkueche-feldkueche","8":"first","9":"instock","10":"shipping-taxable","11":"product-type-simple"},"_links":{"self":[{"href":"https:\/\/gastrokueche-profi.de\/tr\/wp-json\/wp\/v2\/product\/6162","targetHints":{"allow":["GET"]}}],"collection":[{"href":"https:\/\/gastrokueche-profi.de\/tr\/wp-json\/wp\/v2\/product"}],"about":[{"href":"https:\/\/gastrokueche-profi.de\/tr\/wp-json\/wp\/v2\/types\/product"}],"replies":[{"embeddable":true,"href":"https:\/\/gastrokueche-profi.de\/tr\/wp-json\/wp\/v2\/comments?post=6162"}],"wp:featuredmedia":[{"embeddable":true,"href":"https:\/\/gastrokueche-profi.de\/tr\/wp-json\/wp\/v2\/media\/6159"}],"wp:attachment":[{"href":"https:\/\/gastrokueche-profi.de\/tr\/wp-json\/wp\/v2\/media?parent=6162"}],"wp:term":[{"taxonomy":"product_brand","embeddable":true,"href":"https:\/\/gastrokueche-profi.de\/tr\/wp-json\/wp\/v2\/product_brand?post=6162"},{"taxonomy":"product_cat","embeddable":true,"href":"https:\/\/gastrokueche-profi.de\/tr\/wp-json\/wp\/v2\/product_cat?post=6162"},{"taxonomy":"product_tag","embeddable":true,"href":"https:\/\/gastrokueche-profi.de\/tr\/wp-json\/wp\/v2\/product_tag?post=6162"}],"curies":[{"name":"wp","href":"https:\/\/api.w.org\/{rel}","templated":true}]}}