{"id":6154,"date":"2025-07-18T01:35:42","date_gmt":"2025-07-17T22:35:42","guid":{"rendered":"https:\/\/gastrokueche-profi.de\/urun\/gas-and-fire-extinguishing-system\/"},"modified":"2025-07-25T00:42:12","modified_gmt":"2025-07-24T21:42:12","slug":"gas-und-feuerloeschanlage","status":"publish","type":"product","link":"https:\/\/gastrokueche-profi.de\/tr\/geschaeft\/feldkueche\/feldkueche-feldkueche\/gas-und-feuerloeschanlage\/","title":{"rendered":"Gas- und Feuerl\u00f6schanlage"},"content":{"rendered":"<div class=\"row\">\n<div class=\"col-sm-10 col-md-8 col-lg-6-1 m-lr-auto\">\n\t\t\t\t\t\t\t\t\t                    &#8211;\n\t\t\t\t\t\t\t\t                    <\/div>\n<\/div>","protected":false},"excerpt":{"rendered":"<p>Die Kochger\u00e4te, die je nach Bedarf hergestellt werden, arbeiten mit einem Gassystem. Das Gas kann durch externe Rohre an das System angeschlossen werden. Es kann auch mit fl\u00fcssigem LPG-Tank und Verdampfungssystem hergestellt werden. Das Gas wird an die notwendigen Stellen verteilt, damit alle Kochger\u00e4te gleichzeitig arbeiten k\u00f6nnen. Wir haben einen Feuerl\u00f6schschlauch und einen Feuerl\u00f6schschrank in unserem Auto, je nach Brandgefahr.<\/p>","protected":false},"featured_media":6151,"comment_status":"open","ping_status":"closed","template":"","meta":[],"product_brand":[],"product_cat":[428],"product_tag":[],"class_list":{"0":"post-6154","1":"product","2":"type-product","3":"status-publish","4":"has-post-thumbnail","6":"product_cat-feldkueche-feldkueche","8":"first","9":"instock","10":"shipping-taxable","11":"product-type-simple"},"_links":{"self":[{"href":"https:\/\/gastrokueche-profi.de\/tr\/wp-json\/wp\/v2\/product\/6154","targetHints":{"allow":["GET"]}}],"collection":[{"href":"https:\/\/gastrokueche-profi.de\/tr\/wp-json\/wp\/v2\/product"}],"about":[{"href":"https:\/\/gastrokueche-profi.de\/tr\/wp-json\/wp\/v2\/types\/product"}],"replies":[{"embeddable":true,"href":"https:\/\/gastrokueche-profi.de\/tr\/wp-json\/wp\/v2\/comments?post=6154"}],"wp:featuredmedia":[{"embeddable":true,"href":"https:\/\/gastrokueche-profi.de\/tr\/wp-json\/wp\/v2\/media\/6151"}],"wp:attachment":[{"href":"https:\/\/gastrokueche-profi.de\/tr\/wp-json\/wp\/v2\/media?parent=6154"}],"wp:term":[{"taxonomy":"product_brand","embeddable":true,"href":"https:\/\/gastrokueche-profi.de\/tr\/wp-json\/wp\/v2\/product_brand?post=6154"},{"taxonomy":"product_cat","embeddable":true,"href":"https:\/\/gastrokueche-profi.de\/tr\/wp-json\/wp\/v2\/product_cat?post=6154"},{"taxonomy":"product_tag","embeddable":true,"href":"https:\/\/gastrokueche-profi.de\/tr\/wp-json\/wp\/v2\/product_tag?post=6154"}],"curies":[{"name":"wp","href":"https:\/\/api.w.org\/{rel}","templated":true}]}}