{"id":5463,"date":"2025-07-18T01:16:06","date_gmt":"2025-07-17T22:16:06","guid":{"rendered":"https:\/\/gastrokueche-profi.de\/urun\/hot-dog-maker\/"},"modified":"2025-07-25T00:42:13","modified_gmt":"2025-07-24T21:42:13","slug":"hot-dog-maker","status":"publish","type":"product","link":"https:\/\/gastrokueche-profi.de\/tr\/geschaeft\/industrielle-kuechenausstattung\/produkte-importieren\/hot-dog-maker\/","title":{"rendered":"Hot Dog Maker"},"content":{"rendered":"<div class=\"row\">\n<div class=\"col-sm-10 col-md-8 col-lg-6-1 m-lr-auto\">\n<table border=\"0\" cellpadding=\"5\" cellspacing=\"1\" style=\"width:100%\">\n<tbody>\n<tr>\n<td rowspan=\"2\" style=\"vertical-align:middle\">Code<\/td>\n<td rowspan=\"2\" style=\"vertikal-ausgerichtet:mitte\">Beschreibung<\/td>\n<td colspan=\"3\" style=\"text-align:center;vertical-align:middle\">Abmessungen (mm)<\/td>\n<td style=\"text-align:centre;vertical-align:middle\">Gewicht<\/td>\n<td style=\"text-align:center;vertical-align:middle\">Netto<\/td>\n<td style=\"text-align:center;vertical-align:middle\">Leistung<\/td>\n<\/tr>\n<tr>\n<td style=\"text-align:center;vertical-align:middle\">a<\/td>\n<td style=\"text-align:center;vertical-align:middle\">b<\/td>\n<td style=\"text-align:center;vertical-align:middle\">c<\/td>\n<td style=\"text-align:center;vertical-align:middle\">kg<\/td>\n<td style=\"text-align:center;vertical-align:middle\">m3<\/td>\n<td style=\"text-align:center;vertical-align:middle\">kw<\/td>\n<\/tr>\n<tr>\n<td style=\"vertikal-ausrichten:mitte\">JP.SK.01<\/td>\n<td style=\"vertical-align:middle\">Hot Dog Maker mit 4 Spie\u00dfen<\/td>\n<td colspan=\"3\" style=\"text-align:center;vertical-align:middle\">300x480x445<\/td>\n<td style=\"text-align:center;vertical-align:middle\">7.5<\/td>\n<td style=\"text-align:center;vertical-align:middle\">0.06<\/td>\n<td style=\"text-align:center;vertical-align:middle\">0,75<\/td>\n<\/tr>\n<tr>\n<td style=\"vertical-align:middle\">JP.SK.02<\/td>\n<td style=\"vertical-align:middle\">Hot Dog Grill mit 7 Br\u00f6tchen<\/td>\n<td colspan=\"3\" style=\"text-align:center;vertical-align:middle\">365x585x185<\/td>\n<td style=\"text-align:center;vertical-align:middle\">8.5<\/td>\n<td style=\"text-align:center;vertical-align:middle\">0,04<\/td>\n<td style=\"text-align:center;vertical-align:middle\">1,4<\/td>\n<\/tr>\n<\/tbody>\n<\/table>\n<\/div>\n<\/div>","protected":false},"excerpt":{"rendered":"<p>JP.SK.01<br \/>\n&#8211; Glaszylinder zum Erw\u00e4rmen und Warmhalten von W\u00fcrsten<br \/>\n&#8211; Abnehmbarer Deckel<br \/>\n&#8211; Temperatur einstellbar<br \/>\n&#8211; Gummif\u00fc\u00dfe f\u00fcr sicheren Stand<br \/>\n&#8211; Kontrollleuchten<br \/>\n&#8211; Leicht zu bedienen<br \/>\n&#8211; Leicht zu reinigen<br \/>\n&#8211; Hergestellt aus hochwertigem Edelstahl<br \/>\n&#8211; Hergestellt in \u00dcbereinstimmung mit den einschl\u00e4gigen Hygiene- und Sicherheitsstandards<\/p>\n<p>JP.SK.02<br \/>\n&#8211; Hot Dog Grill, mit 7 Rollen<br \/>\n&#8211; Tischger\u00e4t<br \/>\n&#8211; Hervorragend geeignet f\u00fcr den Einsatz in Gro\u00dfk\u00fcchen<br \/>\n&#8211; Gleichm\u00e4\u00dfige W\u00e4rmeverteilung<br \/>\n&#8211; Zwei separat einstellbare Thermostate<br \/>\n&#8211; Heizzonen k\u00f6nnen separat eingestellt werden<br \/>\n&#8211; 2 Heizzonen<br \/>\n&#8211; 2 Betriebskontrollleuchten<br \/>\n&#8211; Leicht zu reinigen<br \/>\n&#8211; Gefertigt aus rostfreiem Stahl<\/p>","protected":false},"featured_media":5461,"comment_status":"open","ping_status":"closed","template":"","meta":[],"product_brand":[],"product_cat":[416],"product_tag":[],"class_list":{"0":"post-5463","1":"product","2":"type-product","3":"status-publish","4":"has-post-thumbnail","6":"product_cat-produkte-importieren","8":"first","9":"instock","10":"shipping-taxable","11":"product-type-simple"},"_links":{"self":[{"href":"https:\/\/gastrokueche-profi.de\/tr\/wp-json\/wp\/v2\/product\/5463","targetHints":{"allow":["GET"]}}],"collection":[{"href":"https:\/\/gastrokueche-profi.de\/tr\/wp-json\/wp\/v2\/product"}],"about":[{"href":"https:\/\/gastrokueche-profi.de\/tr\/wp-json\/wp\/v2\/types\/product"}],"replies":[{"embeddable":true,"href":"https:\/\/gastrokueche-profi.de\/tr\/wp-json\/wp\/v2\/comments?post=5463"}],"wp:featuredmedia":[{"embeddable":true,"href":"https:\/\/gastrokueche-profi.de\/tr\/wp-json\/wp\/v2\/media\/5461"}],"wp:attachment":[{"href":"https:\/\/gastrokueche-profi.de\/tr\/wp-json\/wp\/v2\/media?parent=5463"}],"wp:term":[{"taxonomy":"product_brand","embeddable":true,"href":"https:\/\/gastrokueche-profi.de\/tr\/wp-json\/wp\/v2\/product_brand?post=5463"},{"taxonomy":"product_cat","embeddable":true,"href":"https:\/\/gastrokueche-profi.de\/tr\/wp-json\/wp\/v2\/product_cat?post=5463"},{"taxonomy":"product_tag","embeddable":true,"href":"https:\/\/gastrokueche-profi.de\/tr\/wp-json\/wp\/v2\/product_tag?post=5463"}],"curies":[{"name":"wp","href":"https:\/\/api.w.org\/{rel}","templated":true}]}}