{"id":5357,"date":"2025-07-18T01:14:26","date_gmt":"2025-07-17T22:14:26","guid":{"rendered":"https:\/\/gastrokueche-profi.de\/urun\/automatic-dough-roller-machine\/"},"modified":"2025-07-25T00:42:13","modified_gmt":"2025-07-24T21:42:13","slug":"automatische-teigausrollmaschine","status":"publish","type":"product","link":"https:\/\/gastrokueche-profi.de\/tr\/geschaeft\/industrielle-kuechenausstattung\/produkte-importieren\/automatische-teigausrollmaschine\/","title":{"rendered":"Automatische Teigausrollmaschine"},"content":{"rendered":"<div class=\"row\">\n<div class=\"col-sm-10 col-md-8 col-lg-6-1 m-lr-auto\">\n<table border=\"0\" cellpadding=\"5\" cellspacing=\"1\" style=\"width:100%\">\n<tbody>\n<tr>\n<td rowspan=\"2\" style=\"vertical-align:middle\">Code<\/td>\n<td rowspan=\"2\" style=\"vertikal-ausgerichtet:mitte\">Beschreibung<\/td>\n<td colspan=\"3\" style=\"text-align:center;vertical-align:middle\">Abmessungen (mm)<\/td>\n<td style=\"text-align:centre;vertical-align:middle\">Gewicht<\/td>\n<td style=\"text-align:centre;vertical-align:middle\">Leistung<\/td>\n<td style=\"text-align:center;vertical-align:middle\">Bandma\u00df<\/td>\n<\/tr>\n<tr>\n<td style=\"text-align:center;vertical-align:middle\">a<\/td>\n<td style=\"text-align:center;vertical-align:middle\">b<\/td>\n<td style=\"text-align:center;vertical-align:middle\">c<\/td>\n<td style=\"text-align:center;vertical-align:middle\">kg<\/td>\n<td style=\"text-align:center;vertical-align:middle\">kw<\/td>\n<td style=\"text-align:center;vertical-align:middle\">mm<\/td>\n<\/tr>\n<tr>\n<td style=\"vertikal-ausrichten:mitte\">JP.DS520L<\/td>\n<td style=\"vertical-align:middle\">Automatische Teigausrollmaschine<\/td>\n<td colspan=\"3\" style=\"text-align:center;vertical-align:middle\">2060x1040x1140<\/td>\n<td style=\"text-align:center;vertical-align:middle\">174<\/td>\n<td style=\"text-align:center;vertical-align:middle\">0,55<\/td>\n<td style=\"text-align:center;vertical-align:middle\">1930&#215;520<\/td>\n<\/tr>\n<\/tbody>\n<\/table><\/div>\n<\/div>","protected":false},"excerpt":{"rendered":"<p>&#8211; Voreingestellte Zieldicke vor dem Betrieb, um eine effiziente Teiglaminierung zu erreichen<br \/>\n&#8211; Anzeige der Teigdicke in Echtzeit auf dem digitalen Bildschirm<br \/>\n&#8211; Zusammenklappbares Design f\u00fcr platzsparendes Arbeiten in der K\u00fcche<br \/>\n&#8211; Einstellbarer Dickenregler, individuelle Einstellung der Teigdicke f\u00fcr pr\u00e4zise Ergebnisse<br \/>\n&#8211; Leicht abnehmbarer Abstreifer f\u00fcr bequeme Reinigung<br \/>\n&#8211; Hochwertige Walzen, die ein gleichm\u00e4\u00dfiges Laminieren gew\u00e4hrleisten, ohne dass der Teig rei\u00dft oder \u00fcberarbeitet wird<br \/>\n&#8211; Benutzerfreundliches Design, einfache Bedienung sowohl f\u00fcr Profis als auch f\u00fcr Anf\u00e4nger<br \/>\n&#8211; Langlebig &amp; hygienisch, aus rostfreiem Stahl, leicht zu reinigen und f\u00fcr eine lange Lebensdauer gebaut<br \/>\n&#8211; Pulverbeschichtete Eisenplatten f\u00fcr ausgezeichnete Haltbarkeit, hervorragenden Schutz und umweltfreundliche Leistung<br \/>\n&#8211; 220V 50 HZ 0,55KW<\/p>","protected":false},"featured_media":5355,"comment_status":"open","ping_status":"closed","template":"","meta":[],"product_brand":[],"product_cat":[416],"product_tag":[],"class_list":{"0":"post-5357","1":"product","2":"type-product","3":"status-publish","4":"has-post-thumbnail","6":"product_cat-produkte-importieren","8":"first","9":"instock","10":"shipping-taxable","11":"product-type-simple"},"_links":{"self":[{"href":"https:\/\/gastrokueche-profi.de\/tr\/wp-json\/wp\/v2\/product\/5357","targetHints":{"allow":["GET"]}}],"collection":[{"href":"https:\/\/gastrokueche-profi.de\/tr\/wp-json\/wp\/v2\/product"}],"about":[{"href":"https:\/\/gastrokueche-profi.de\/tr\/wp-json\/wp\/v2\/types\/product"}],"replies":[{"embeddable":true,"href":"https:\/\/gastrokueche-profi.de\/tr\/wp-json\/wp\/v2\/comments?post=5357"}],"wp:featuredmedia":[{"embeddable":true,"href":"https:\/\/gastrokueche-profi.de\/tr\/wp-json\/wp\/v2\/media\/5355"}],"wp:attachment":[{"href":"https:\/\/gastrokueche-profi.de\/tr\/wp-json\/wp\/v2\/media?parent=5357"}],"wp:term":[{"taxonomy":"product_brand","embeddable":true,"href":"https:\/\/gastrokueche-profi.de\/tr\/wp-json\/wp\/v2\/product_brand?post=5357"},{"taxonomy":"product_cat","embeddable":true,"href":"https:\/\/gastrokueche-profi.de\/tr\/wp-json\/wp\/v2\/product_cat?post=5357"},{"taxonomy":"product_tag","embeddable":true,"href":"https:\/\/gastrokueche-profi.de\/tr\/wp-json\/wp\/v2\/product_tag?post=5357"}],"curies":[{"name":"wp","href":"https:\/\/api.w.org\/{rel}","templated":true}]}}