{"id":4921,"date":"2025-07-18T00:58:42","date_gmt":"2025-07-17T21:58:42","guid":{"rendered":"https:\/\/gastrokueche-profi.de\/urun\/corner-service-tables-and-cutlery-unit-accessories\/"},"modified":"2025-07-25T00:42:14","modified_gmt":"2025-07-24T21:42:14","slug":"zubehoer-fuer-eckserviertische-und-besteckkaesten","status":"publish","type":"product","link":"https:\/\/gastrokueche-profi.de\/tr\/geschaeft\/industrielle-kuechenausstattung\/anzeige\/zubehoer-fuer-eckserviertische-und-besteckkaesten\/","title":{"rendered":"Zubeh\u00f6r f\u00fcr Eckserviertische und Besteckk\u00e4sten"},"content":{"rendered":"<div class=\"row\">\n<div class=\"col-sm-10 col-md-8 col-lg-6-1 m-lr-auto\">\n<table border=\"0\" cellpadding=\"5\" cellspacing=\"1\" style=\"width:100%\">\n<tbody>\n<tr>\n<td style=\"vertical-align:middle\">Code<\/td>\n<td style=\"vertikal-ausrichten:mitte\">Beschreibung<\/td>\n<\/tr>\n<tr>\n<td style=\"vertikal ausrichten:mitte\">EMP.BKT.10.AD.A<\/td>\n<td style=\"vertical-align:middle\">Holz hellbraun verziert<\/td>\n<\/tr>\n<tr>\n<td style=\"vertikal-ausgerichtet:mitte\">EMP.BKU.10.AD.A<\/td>\n<td style=\"vertical-align:middle\">Holzdekor in Hellbraun<\/td>\n<\/tr>\n<\/tbody>\n<\/table>\n<table border=\"0\" cellpadding=\"5\" cellspacing=\"1\" style=\"width:100%\">\n<tbody>\n<tr>\n<td style=\"vertical-align:middle\">Code<\/td>\n<td style=\"vertikal-ausrichten:mitte\">Beschreibung<\/td>\n<\/tr>\n<tr>\n<td style=\"vertikal-ausrichten:mitte\">EMP.BKT.10.AD.K<\/td>\n<td style=\"vertical-align:middle\">Dunkelbraun mit Holzdekor<\/td>\n<\/tr>\n<tr>\n<td style=\"vertikal-ausrichten:mitte\">EMP.BKU.10.AD.K<\/td>\n<td style=\"vertical-align:middle\">Dunkelbraun mit Holzdekor<\/td>\n<\/tr>\n<\/tbody>\n<\/table>\n<table border=\"0\" cellpadding=\"5\" cellspacing=\"1\" style=\"width:100%\">\n<tbody>\n<tr>\n<td style=\"vertical-align:middle\">Code<\/td>\n<td style=\"vertikal-ausrichten:mitte\">Beschreibung<\/td>\n<\/tr>\n<tr>\n<td style=\"vertikal-ausrichten:mitte\">EMP.BKT.10.AD.M<\/td>\n<td style=\"vertical-align:middle\">Rostiges Holz verziert<\/td>\n<\/tr>\n<tr>\n<td style=\"vertikal-ausrichten:mitte\">EMP.BKU.10.AD.M<\/td>\n<td style=\"vertical-align:middle\">Rostiges Holz verziert<\/td>\n<\/tr>\n<\/tbody>\n<\/table>\n<table border=\"0\" cellpadding=\"5\" cellspacing=\"1\" style=\"width:100%\">\n<tbody>\n<tr>\n<td style=\"vertical-align:middle\">Code<\/td>\n<td style=\"vertikal-ausrichten:mitte\">Beschreibung<\/td>\n<\/tr>\n<tr>\n<td style=\"vertikal-ausgerichtet:mitte\">EMP.BKT.10.GT<\/td>\n<td style=\"vertikal-ausgerichtet:mitte\">Standard-Granit-Sterngalaxie<\/td>\n<\/tr>\n<tr>\n<td style=\"vertikal-ausgerichtet:mitte\">EMP.BKU.10.GT<\/td>\n<td style=\"vertikal-ausgerichtet:mitte\">Standard Granit-Stern-Galaxie<\/td>\n<\/tr>\n<\/tbody>\n<\/table>\n<table border=\"0\" cellpadding=\"5\" cellspacing=\"1\" style=\"width:100%\">\n<tbody>\n<tr>\n<td style=\"vertical-align:middle\">Code<\/td>\n<td style=\"vertikal-ausrichten:mitte\">Beschreibung<\/td>\n<\/tr>\n<tr>\n<td style=\"vertikal-ausrichten:mitte\">EMP.BKT.10.TK<\/td>\n<td style=\"vertikal-ausrichten:mitte\">Tablettschiebest\u00e4nder<\/td>\n<\/tr>\n<\/tbody>\n<\/table>\n<\/div>\n<\/div>","protected":false},"excerpt":{"rendered":"<p>&#8211;<\/p>","protected":false},"featured_media":4918,"comment_status":"open","ping_status":"closed","template":"","meta":[],"product_brand":[],"product_cat":[413],"product_tag":[],"class_list":{"0":"post-4921","1":"product","2":"type-product","3":"status-publish","4":"has-post-thumbnail","6":"product_cat-anzeige","8":"first","9":"instock","10":"shipping-taxable","11":"product-type-simple"},"_links":{"self":[{"href":"https:\/\/gastrokueche-profi.de\/tr\/wp-json\/wp\/v2\/product\/4921","targetHints":{"allow":["GET"]}}],"collection":[{"href":"https:\/\/gastrokueche-profi.de\/tr\/wp-json\/wp\/v2\/product"}],"about":[{"href":"https:\/\/gastrokueche-profi.de\/tr\/wp-json\/wp\/v2\/types\/product"}],"replies":[{"embeddable":true,"href":"https:\/\/gastrokueche-profi.de\/tr\/wp-json\/wp\/v2\/comments?post=4921"}],"wp:featuredmedia":[{"embeddable":true,"href":"https:\/\/gastrokueche-profi.de\/tr\/wp-json\/wp\/v2\/media\/4918"}],"wp:attachment":[{"href":"https:\/\/gastrokueche-profi.de\/tr\/wp-json\/wp\/v2\/media?parent=4921"}],"wp:term":[{"taxonomy":"product_brand","embeddable":true,"href":"https:\/\/gastrokueche-profi.de\/tr\/wp-json\/wp\/v2\/product_brand?post=4921"},{"taxonomy":"product_cat","embeddable":true,"href":"https:\/\/gastrokueche-profi.de\/tr\/wp-json\/wp\/v2\/product_cat?post=4921"},{"taxonomy":"product_tag","embeddable":true,"href":"https:\/\/gastrokueche-profi.de\/tr\/wp-json\/wp\/v2\/product_tag?post=4921"}],"curies":[{"name":"wp","href":"https:\/\/api.w.org\/{rel}","templated":true}]}}